{"id":2789,"date":"2025-03-11T21:09:23","date_gmt":"2025-03-11T21:09:23","guid":{"rendered":"https:\/\/felipetonet.com\/novo_site\/?page_id=2789"},"modified":"2025-04-01T18:49:19","modified_gmt":"2025-04-01T18:49:19","slug":"sobre-mim","status":"publish","type":"page","link":"https:\/\/felipetonet.com\/novo_site\/sobre-mim\/","title":{"rendered":"Sobre mim"},"content":{"rendered":"\t\t<div data-elementor-type=\"wp-page\" data-elementor-id=\"2789\" class=\"elementor elementor-2789\" data-elementor-settings=\"[]\">\n\t\t\t\t\t\t\t<div class=\"elementor-section-wrap\">\n\t\t\t\t\t\t\t<section class=\"elementor-section elementor-top-section elementor-element elementor-element-a88378e elementor-section-boxed elementor-section-height-default elementor-section-height-default\" data-id=\"a88378e\" data-element_type=\"section\" data-settings=\"{&quot;background_background&quot;:&quot;classic&quot;}\">\n\t\t\t\t\t\t<div class=\"elementor-container elementor-column-gap-default\">\n\t\t\t\t\t<div class=\"elementor-column elementor-col-50 elementor-top-column elementor-element elementor-element-0e5808c\" data-id=\"0e5808c\" data-element_type=\"column\">\n\t\t\t<div class=\"elementor-widget-wrap elementor-element-populated\">\n\t\t\t\t\t\t\t\t<div class=\"elementor-element elementor-element-553697e elementor-widget elementor-widget-heading\" data-id=\"553697e\" data-element_type=\"widget\" data-widget_type=\"heading.default\">\n\t\t\t\t<div class=\"elementor-widget-container\">\n\t\t\t<h2 class=\"elementor-heading-title elementor-size-default\">Conhe\u00e7a mais sobre Felipe Tonet<\/h2>\t\t<\/div>\n\t\t\t\t<\/div>\n\t\t\t\t<div class=\"elementor-element elementor-element-0cb40aa elementor-widget elementor-widget-text-editor\" data-id=\"0cb40aa\" data-element_type=\"widget\" data-widget_type=\"text-editor.default\">\n\t\t\t\t<div class=\"elementor-widget-container\">\n\t\t\t\t\t<div class=\"elementor-text-editor elementor-clearfix\"><p>Formado em jornalismo, especializado em Teorias da Comunica\u00e7\u00e3o e Marketing Pol\u00edtico, com MBA em Gest\u00e3o da Comunica\u00e7\u00e3o e Marketing em Plataformas Digitais, atuo como consultor de comunica\u00e7\u00e3o e marketing pol\u00edtico e estrategista digital para mandatos parlamentares, gest\u00f5es municipais e estaduais, funda\u00e7\u00f5es, autarquias e sindicatos.<\/p><\/div>\n\t\t\t\t<\/div>\n\t\t\t\t<\/div>\n\t\t\t\t<div class=\"elementor-element elementor-element-35999ed elementor-widget elementor-widget-heading\" data-id=\"35999ed\" data-element_type=\"widget\" data-widget_type=\"heading.default\">\n\t\t\t\t<div class=\"elementor-widget-container\">\n\t\t\t<h3 class=\"elementor-heading-title elementor-size-default\">Mais de 10 anos de experi\u00eancia<\/h3>\t\t<\/div>\n\t\t\t\t<\/div>\n\t\t\t\t<div class=\"elementor-element elementor-element-9c22d74 elementor-widget elementor-widget-text-editor\" data-id=\"9c22d74\" data-element_type=\"widget\" data-widget_type=\"text-editor.default\">\n\t\t\t\t<div class=\"elementor-widget-container\">\n\t\t\t\t\t<div class=\"elementor-text-editor elementor-clearfix\"><p>Tenho mais de 10 anos de experi\u00eancia na realiza\u00e7\u00e3o de campanhas eleitorais para diversos cargos, como vereador, prefeito, deputados estadual e federal e governador. Tamb\u00e9m atuei em elei\u00e7\u00f5es sindicais, entre elas da OAB e do Sindicato dos Qu\u00edmicos.Tamb\u00e9m estive envolvido na gest\u00e3o da comunica\u00e7\u00e3o de mandatos, organiza\u00e7\u00f5es p\u00fablicas e n\u00e3o governamentais.<\/p><\/div>\n\t\t\t\t<\/div>\n\t\t\t\t<\/div>\n\t\t\t\t<div class=\"elementor-element elementor-element-f454635 elementor-widget elementor-widget-heading\" data-id=\"f454635\" data-element_type=\"widget\" data-widget_type=\"heading.default\">\n\t\t\t\t<div class=\"elementor-widget-container\">\n\t\t\t<h3 class=\"elementor-heading-title elementor-size-default\">Estrategista digital<\/h3>\t\t<\/div>\n\t\t\t\t<\/div>\n\t\t\t\t<div class=\"elementor-element elementor-element-b99e7bb elementor-widget elementor-widget-text-editor\" data-id=\"b99e7bb\" data-element_type=\"widget\" data-widget_type=\"text-editor.default\">\n\t\t\t\t<div class=\"elementor-widget-container\">\n\t\t\t\t\t<div class=\"elementor-text-editor elementor-clearfix\"><p>Como estrategista digital, trabalho na constru\u00e7\u00e3o de narrativas voltadas para a cria\u00e7\u00e3o e o fortalecimento da reputa\u00e7\u00e3o digital. Tamb\u00e9m tenho vasta experi\u00eancia na gest\u00e3o de crises pol\u00edticas e institucionais e em estrat\u00e9gias para a conquista e mobiliza\u00e7\u00e3o de apoiadores. Juntos, podemos construir estrat\u00e9gias e t\u00e1ticas s\u00f3lidas e eficazes para alcan\u00e7ar seus objetivos pol\u00edticos e eleitorais.<\/p><\/div>\n\t\t\t\t<\/div>\n\t\t\t\t<\/div>\n\t\t\t\t<div class=\"elementor-element elementor-element-a91646b elementor-widget elementor-widget-text-editor\" data-id=\"a91646b\" data-element_type=\"widget\" data-widget_type=\"text-editor.default\">\n\t\t\t\t<div class=\"elementor-widget-container\">\n\t\t\t\t\t<div class=\"elementor-text-editor elementor-clearfix\"><\/div>\n\t\t\t\t<\/div>\n\t\t\t\t<\/div>\n\t\t\t\t\t<\/div>\n\t\t<\/div>\n\t\t\t\t<div class=\"elementor-column elementor-col-50 elementor-top-column elementor-element elementor-element-3fcd5f4\" data-id=\"3fcd5f4\" data-element_type=\"column\">\n\t\t\t<div class=\"elementor-widget-wrap elementor-element-populated\">\n\t\t\t\t\t\t\t\t<div class=\"elementor-element elementor-element-0721ae8 elementor-widget elementor-widget-image\" data-id=\"0721ae8\" data-element_type=\"widget\" data-widget_type=\"image.default\">\n\t\t\t\t<div class=\"elementor-widget-container\">\n\t\t\t\t\t<div class=\"elementor-image\">\n\t\t\t\t\t\t\t\t\t\t<img loading=\"lazy\" decoding=\"async\" width=\"466\" height=\"644\" src=\"https:\/\/felipetonet.com\/novo_site\/wp-content\/uploads\/2025\/03\/quem-sou.png\" class=\"attachment-large size-large\" alt=\"\" srcset=\"https:\/\/felipetonet.com\/novo_site\/wp-content\/uploads\/2025\/03\/quem-sou.png 466w, https:\/\/felipetonet.com\/novo_site\/wp-content\/uploads\/2025\/03\/quem-sou-217x300.png 217w\" sizes=\"auto, (max-width: 466px) 100vw, 466px\" \/>\t\t\t\t\t\t\t\t\t\t\t<\/div>\n\t\t\t\t<\/div>\n\t\t\t\t<\/div>\n\t\t\t\t\t<\/div>\n\t\t<\/div>\n\t\t\t\t\t\t\t<\/div>\n\t\t<\/section>\n\t\t\t\t\t\t<\/div>\n\t\t\t\t\t<\/div>\n\t\t","protected":false},"excerpt":{"rendered":"<p>Conhe\u00e7a mais sobre Felipe Tonet Formado em jornalismo, especializado em Teorias da Comunica\u00e7\u00e3o e Marketing Pol\u00edtico, com MBA em Gest\u00e3o da Comunica\u00e7\u00e3o e Marketing em Plataformas Digitais, atuo como consultor de comunica\u00e7\u00e3o e marketing pol\u00edtico e estrategista digital para mandatos parlamentares, gest\u00f5es municipais e estaduais, funda\u00e7\u00f5es, autarquias e sindicatos. Mais de 10 anos de experi\u00eancia [&hellip;]<\/p>\n","protected":false},"author":1,"featured_media":0,"parent":0,"menu_order":0,"comment_status":"closed","ping_status":"closed","template":"template\/homepage-template.php","meta":{"footnotes":""},"class_list":["post-2789","page","type-page","status-publish","hentry"],"_links":{"self":[{"href":"https:\/\/felipetonet.com\/novo_site\/wp-json\/wp\/v2\/pages\/2789","targetHints":{"allow":["GET"]}}],"collection":[{"href":"https:\/\/felipetonet.com\/novo_site\/wp-json\/wp\/v2\/pages"}],"about":[{"href":"https:\/\/felipetonet.com\/novo_site\/wp-json\/wp\/v2\/types\/page"}],"author":[{"embeddable":true,"href":"https:\/\/felipetonet.com\/novo_site\/wp-json\/wp\/v2\/users\/1"}],"replies":[{"embeddable":true,"href":"https:\/\/felipetonet.com\/novo_site\/wp-json\/wp\/v2\/comments?post=2789"}],"version-history":[{"count":16,"href":"https:\/\/felipetonet.com\/novo_site\/wp-json\/wp\/v2\/pages\/2789\/revisions"}],"predecessor-version":[{"id":3194,"href":"https:\/\/felipetonet.com\/novo_site\/wp-json\/wp\/v2\/pages\/2789\/revisions\/3194"}],"wp:attachment":[{"href":"https:\/\/felipetonet.com\/novo_site\/wp-json\/wp\/v2\/media?parent=2789"}],"curies":[{"name":"wp","href":"https:\/\/api.w.org\/{rel}","templated":true}]}}