{"id":2805,"date":"2025-03-11T21:24:13","date_gmt":"2025-03-11T21:24:13","guid":{"rendered":"https:\/\/felipetonet.com\/novo_site\/?page_id=2805"},"modified":"2025-04-22T19:40:55","modified_gmt":"2025-04-22T19:40:55","slug":"servicos-gestao-de-redes-sociais","status":"publish","type":"page","link":"https:\/\/felipetonet.com\/novo_site\/servicos-gestao-de-redes-sociais\/","title":{"rendered":"Servi\u00e7os | Gest\u00e3o de Redes Sociais"},"content":{"rendered":"\t\t<div data-elementor-type=\"wp-page\" data-elementor-id=\"2805\" class=\"elementor elementor-2805\" data-elementor-settings=\"[]\">\n\t\t\t\t\t\t\t<div class=\"elementor-section-wrap\">\n\t\t\t\t\t\t\t<section class=\"elementor-section elementor-top-section elementor-element elementor-element-f9e4313 elementor-hidden-phone elementor-section-boxed elementor-section-height-default elementor-section-height-default\" data-id=\"f9e4313\" data-element_type=\"section\" data-settings=\"{&quot;background_background&quot;:&quot;classic&quot;}\">\n\t\t\t\t\t\t<div class=\"elementor-container elementor-column-gap-default\">\n\t\t\t\t\t<div class=\"elementor-column elementor-col-50 elementor-top-column elementor-element elementor-element-22c90c1\" data-id=\"22c90c1\" data-element_type=\"column\">\n\t\t\t<div class=\"elementor-widget-wrap elementor-element-populated\">\n\t\t\t\t\t\t\t\t<div class=\"elementor-element elementor-element-23efd3f elementor-widget elementor-widget-heading\" data-id=\"23efd3f\" data-element_type=\"widget\" data-widget_type=\"heading.default\">\n\t\t\t\t<div class=\"elementor-widget-container\">\n\t\t\t<h2 class=\"elementor-heading-title elementor-size-default\">Gest\u00e3o de Redes Sociais<\/h2>\t\t<\/div>\n\t\t\t\t<\/div>\n\t\t\t\t<div class=\"elementor-element elementor-element-b6e1616 elementor-widget elementor-widget-text-editor\" data-id=\"b6e1616\" data-element_type=\"widget\" data-widget_type=\"text-editor.default\">\n\t\t\t\t<div class=\"elementor-widget-container\">\n\t\t\t\t\t<div class=\"elementor-text-editor elementor-clearfix\"><p>Impulsione sua presen\u00e7a e influ\u00eancia digital. Desenvolveremos seu Planejamento de Comunica\u00e7\u00e3o Digital, com uma abordagem estrat\u00e9gica completa e voltada para as necessidades do cliente.<\/p><p>Criaremos uma linha editorial estrat\u00e9gica e envolvente, o cronograma de postagens otimizado e o desenvolveremos conte\u00fados cativantes em texto, imagens e v\u00eddeos.<\/p><p>Tamb\u00e9m cuidaremos das demais etapas do processo, como publica\u00e7\u00e3o, intera\u00e7\u00e3o ativa com os coment\u00e1rios, fortalecendo o engajamento e a cria\u00e7\u00e3o de uma estrat\u00e9gia inteligente de tr\u00e1fego pago, garantindo que seu conte\u00fado alcance um p\u00fablico ainda maior e mais relevante.<\/p><\/div>\n\t\t\t\t<\/div>\n\t\t\t\t<\/div>\n\t\t\t\t<div class=\"elementor-element elementor-element-864e0b0 elementor-align-left elementor-widget elementor-widget-button\" data-id=\"864e0b0\" data-element_type=\"widget\" data-widget_type=\"button.default\">\n\t\t\t\t<div class=\"elementor-widget-container\">\n\t\t\t\t\t<div class=\"elementor-button-wrapper\">\n\t\t\t<a href=\"https:\/\/felipetonet.com\/novo_site\/contato\/\" class=\"elementor-button-link elementor-button elementor-size-lg\" role=\"button\">\n\t\t\t\t\t\t<span class=\"elementor-button-content-wrapper\">\n\t\t\t\t\t\t<span class=\"elementor-button-text\">ENTRE EM CONTATO<\/span>\n\t\t<\/span>\n\t\t\t\t\t<\/a>\n\t\t<\/div>\n\t\t\t\t<\/div>\n\t\t\t\t<\/div>\n\t\t\t\t\t<\/div>\n\t\t<\/div>\n\t\t\t\t<div class=\"elementor-column elementor-col-50 elementor-top-column elementor-element elementor-element-9dd1536\" data-id=\"9dd1536\" data-element_type=\"column\">\n\t\t\t<div class=\"elementor-widget-wrap elementor-element-populated\">\n\t\t\t\t\t\t\t\t<div class=\"elementor-element elementor-element-9c627f0 elementor-widget elementor-widget-image\" data-id=\"9c627f0\" data-element_type=\"widget\" data-widget_type=\"image.default\">\n\t\t\t\t<div class=\"elementor-widget-container\">\n\t\t\t\t\t<div class=\"elementor-image\">\n\t\t\t\t\t\t\t\t\t\t<img loading=\"lazy\" decoding=\"async\" width=\"800\" height=\"640\" src=\"https:\/\/felipetonet.com\/novo_site\/wp-content\/uploads\/2025\/04\/gestao-de-redes-sociais.jpg\" class=\"attachment-large size-large\" alt=\"\" srcset=\"https:\/\/felipetonet.com\/novo_site\/wp-content\/uploads\/2025\/04\/gestao-de-redes-sociais.jpg 1000w, https:\/\/felipetonet.com\/novo_site\/wp-content\/uploads\/2025\/04\/gestao-de-redes-sociais-300x240.jpg 300w, https:\/\/felipetonet.com\/novo_site\/wp-content\/uploads\/2025\/04\/gestao-de-redes-sociais-768x614.jpg 768w\" sizes=\"auto, (max-width: 800px) 100vw, 800px\" \/>\t\t\t\t\t\t\t\t\t\t\t<\/div>\n\t\t\t\t<\/div>\n\t\t\t\t<\/div>\n\t\t\t\t\t<\/div>\n\t\t<\/div>\n\t\t\t\t\t\t\t<\/div>\n\t\t<\/section>\n\t\t\t\t<section class=\"elementor-section elementor-top-section elementor-element elementor-element-2a9a52e elementor-hidden-desktop elementor-hidden-tablet elementor-section-boxed elementor-section-height-default elementor-section-height-default\" data-id=\"2a9a52e\" data-element_type=\"section\" data-settings=\"{&quot;background_background&quot;:&quot;classic&quot;}\">\n\t\t\t\t\t\t<div class=\"elementor-container elementor-column-gap-default\">\n\t\t\t\t\t<div class=\"elementor-column elementor-col-100 elementor-top-column elementor-element elementor-element-0f5014c\" data-id=\"0f5014c\" data-element_type=\"column\">\n\t\t\t<div class=\"elementor-widget-wrap elementor-element-populated\">\n\t\t\t\t\t\t\t\t<div class=\"elementor-element elementor-element-0bf5aa5 elementor-widget elementor-widget-heading\" data-id=\"0bf5aa5\" data-element_type=\"widget\" data-widget_type=\"heading.default\">\n\t\t\t\t<div class=\"elementor-widget-container\">\n\t\t\t<h2 class=\"elementor-heading-title elementor-size-default\">Gest\u00e3o de Redes Sociais<\/h2>\t\t<\/div>\n\t\t\t\t<\/div>\n\t\t\t\t<div class=\"elementor-element elementor-element-1134022 elementor-widget elementor-widget-text-editor\" data-id=\"1134022\" data-element_type=\"widget\" data-widget_type=\"text-editor.default\">\n\t\t\t\t<div class=\"elementor-widget-container\">\n\t\t\t\t\t<div class=\"elementor-text-editor elementor-clearfix\"><p>Impulsione sua presen\u00e7a e influ\u00eancia digital. Desenvolveremos seu Planejamento de Comunica\u00e7\u00e3o Digital, com uma abordagem estrat\u00e9gica completa e voltada para as necessidades do cliente.<\/p><p>Criaremos uma linha editorial estrat\u00e9gica e envolvente, o cronograma de postagens otimizado e o desenvolveremos conte\u00fados cativantes em texto, imagens e v\u00eddeos.<\/p><p>Tamb\u00e9m cuidaremos das demais etapas do processo, como publica\u00e7\u00e3o, intera\u00e7\u00e3o ativa com os coment\u00e1rios, fortalecendo o engajamento e a cria\u00e7\u00e3o de uma estrat\u00e9gia inteligente de tr\u00e1fego pago, garantindo que seu conte\u00fado alcance um p\u00fablico ainda maior e mais relevante.<\/p><\/div>\n\t\t\t\t<\/div>\n\t\t\t\t<\/div>\n\t\t\t\t<div class=\"elementor-element elementor-element-f21021d elementor-align-left elementor-widget elementor-widget-button\" data-id=\"f21021d\" data-element_type=\"widget\" data-widget_type=\"button.default\">\n\t\t\t\t<div class=\"elementor-widget-container\">\n\t\t\t\t\t<div class=\"elementor-button-wrapper\">\n\t\t\t<a href=\"https:\/\/felipetonet.com\/novo_site\/contato\/\" class=\"elementor-button-link elementor-button elementor-size-md\" role=\"button\">\n\t\t\t\t\t\t<span class=\"elementor-button-content-wrapper\">\n\t\t\t\t\t\t<span class=\"elementor-button-text\">ENTRE EM CONTATO<\/span>\n\t\t<\/span>\n\t\t\t\t\t<\/a>\n\t\t<\/div>\n\t\t\t\t<\/div>\n\t\t\t\t<\/div>\n\t\t\t\t\t<\/div>\n\t\t<\/div>\n\t\t\t\t\t\t\t<\/div>\n\t\t<\/section>\n\t\t\t\t\t\t<\/div>\n\t\t\t\t\t<\/div>\n\t\t","protected":false},"excerpt":{"rendered":"<p>Gest\u00e3o de Redes Sociais Impulsione sua presen\u00e7a e influ\u00eancia digital. Desenvolveremos seu Planejamento de Comunica\u00e7\u00e3o Digital, com uma abordagem estrat\u00e9gica completa e voltada para as necessidades do cliente. Criaremos uma linha editorial estrat\u00e9gica e envolvente, o cronograma de postagens otimizado e o desenvolveremos conte\u00fados cativantes em texto, imagens e v\u00eddeos. Tamb\u00e9m cuidaremos das demais etapas [&hellip;]<\/p>\n","protected":false},"author":1,"featured_media":0,"parent":0,"menu_order":0,"comment_status":"closed","ping_status":"closed","template":"template\/homepage-template.php","meta":{"footnotes":""},"class_list":["post-2805","page","type-page","status-publish","hentry"],"_links":{"self":[{"href":"https:\/\/felipetonet.com\/novo_site\/wp-json\/wp\/v2\/pages\/2805","targetHints":{"allow":["GET"]}}],"collection":[{"href":"https:\/\/felipetonet.com\/novo_site\/wp-json\/wp\/v2\/pages"}],"about":[{"href":"https:\/\/felipetonet.com\/novo_site\/wp-json\/wp\/v2\/types\/page"}],"author":[{"embeddable":true,"href":"https:\/\/felipetonet.com\/novo_site\/wp-json\/wp\/v2\/users\/1"}],"replies":[{"embeddable":true,"href":"https:\/\/felipetonet.com\/novo_site\/wp-json\/wp\/v2\/comments?post=2805"}],"version-history":[{"count":28,"href":"https:\/\/felipetonet.com\/novo_site\/wp-json\/wp\/v2\/pages\/2805\/revisions"}],"predecessor-version":[{"id":3288,"href":"https:\/\/felipetonet.com\/novo_site\/wp-json\/wp\/v2\/pages\/2805\/revisions\/3288"}],"wp:attachment":[{"href":"https:\/\/felipetonet.com\/novo_site\/wp-json\/wp\/v2\/media?parent=2805"}],"curies":[{"name":"wp","href":"https:\/\/api.w.org\/{rel}","templated":true}]}}