{"id":2817,"date":"2025-03-11T21:28:42","date_gmt":"2025-03-11T21:28:42","guid":{"rendered":"https:\/\/felipetonet.com\/novo_site\/?page_id=2817"},"modified":"2025-04-22T19:42:06","modified_gmt":"2025-04-22T19:42:06","slug":"servicos-palestras-e-cursos","status":"publish","type":"page","link":"https:\/\/felipetonet.com\/novo_site\/servicos-palestras-e-cursos\/","title":{"rendered":"Servi\u00e7os | Palestras e Cursos"},"content":{"rendered":"\t\t<div data-elementor-type=\"wp-page\" data-elementor-id=\"2817\" class=\"elementor elementor-2817\" data-elementor-settings=\"[]\">\n\t\t\t\t\t\t\t<div class=\"elementor-section-wrap\">\n\t\t\t\t\t\t\t<section class=\"elementor-section elementor-top-section elementor-element elementor-element-2ee92f3 elementor-hidden-phone elementor-section-boxed elementor-section-height-default elementor-section-height-default\" data-id=\"2ee92f3\" data-element_type=\"section\" data-settings=\"{&quot;background_background&quot;:&quot;classic&quot;}\">\n\t\t\t\t\t\t<div class=\"elementor-container elementor-column-gap-default\">\n\t\t\t\t\t<div class=\"elementor-column elementor-col-50 elementor-top-column elementor-element elementor-element-16ec410\" data-id=\"16ec410\" data-element_type=\"column\">\n\t\t\t<div class=\"elementor-widget-wrap elementor-element-populated\">\n\t\t\t\t\t\t\t\t<div class=\"elementor-element elementor-element-8fa6e76 elementor-widget elementor-widget-heading\" data-id=\"8fa6e76\" data-element_type=\"widget\" data-widget_type=\"heading.default\">\n\t\t\t\t<div class=\"elementor-widget-container\">\n\t\t\t<h2 class=\"elementor-heading-title elementor-size-default\">Palestras e Cursos<\/h2>\t\t<\/div>\n\t\t\t\t<\/div>\n\t\t\t\t<div class=\"elementor-element elementor-element-081fc52 elementor-widget elementor-widget-text-editor\" data-id=\"081fc52\" data-element_type=\"widget\" data-widget_type=\"text-editor.default\">\n\t\t\t\t<div class=\"elementor-widget-container\">\n\t\t\t\t\t<div class=\"elementor-text-editor elementor-clearfix\"><p>Impulsione sua presen\u00e7a e influ\u00eancia digital. Desenvolveremos seu Planejamento de Comunica\u00e7\u00e3o Digital, com uma abordagem estrat\u00e9gica completa e voltada para as necessidades do cliente.<\/p><p>Criaremos uma linha editorial estrat\u00e9gica e envolvente, o cronograma de postagens otimizado e o desenvolveremos conte\u00fados cativantes em texto, imagens e v\u00eddeos.<\/p><p>Tamb\u00e9m cuidaremos das demais etapas do processo, como publica\u00e7\u00e3o, intera\u00e7\u00e3o ativa com os coment\u00e1rios, fortalecendo o engajamento e a cria\u00e7\u00e3o de uma estrat\u00e9gia inteligente de tr\u00e1fego pago, garantindo que seu conte\u00fado alcance um p\u00fablico ainda maior e mais relevante.<\/p><\/div>\n\t\t\t\t<\/div>\n\t\t\t\t<\/div>\n\t\t\t\t<div class=\"elementor-element elementor-element-3b4d077 elementor-align-left elementor-widget elementor-widget-button\" data-id=\"3b4d077\" data-element_type=\"widget\" data-widget_type=\"button.default\">\n\t\t\t\t<div class=\"elementor-widget-container\">\n\t\t\t\t\t<div class=\"elementor-button-wrapper\">\n\t\t\t<a href=\"https:\/\/felipetonet.com\/novo_site\/contato\/\" class=\"elementor-button-link elementor-button elementor-size-lg\" role=\"button\">\n\t\t\t\t\t\t<span class=\"elementor-button-content-wrapper\">\n\t\t\t\t\t\t<span class=\"elementor-button-text\">ENTRE EM CONTATO<\/span>\n\t\t<\/span>\n\t\t\t\t\t<\/a>\n\t\t<\/div>\n\t\t\t\t<\/div>\n\t\t\t\t<\/div>\n\t\t\t\t\t<\/div>\n\t\t<\/div>\n\t\t\t\t<div class=\"elementor-column elementor-col-50 elementor-top-column elementor-element elementor-element-b7028d0\" data-id=\"b7028d0\" data-element_type=\"column\">\n\t\t\t<div class=\"elementor-widget-wrap elementor-element-populated\">\n\t\t\t\t\t\t\t\t<div class=\"elementor-element elementor-element-03da731 elementor-widget elementor-widget-image\" data-id=\"03da731\" data-element_type=\"widget\" data-widget_type=\"image.default\">\n\t\t\t\t<div class=\"elementor-widget-container\">\n\t\t\t\t\t<div class=\"elementor-image\">\n\t\t\t\t\t\t\t\t\t\t<img loading=\"lazy\" decoding=\"async\" width=\"800\" height=\"600\" src=\"https:\/\/felipetonet.com\/novo_site\/wp-content\/uploads\/2023\/05\/WhatsApp-Image-2023-05-29-at-15.56.07-1024x768.jpeg\" class=\"attachment-large size-large\" alt=\"\" srcset=\"https:\/\/felipetonet.com\/novo_site\/wp-content\/uploads\/2023\/05\/WhatsApp-Image-2023-05-29-at-15.56.07-1024x768.jpeg 1024w, https:\/\/felipetonet.com\/novo_site\/wp-content\/uploads\/2023\/05\/WhatsApp-Image-2023-05-29-at-15.56.07-300x225.jpeg 300w, https:\/\/felipetonet.com\/novo_site\/wp-content\/uploads\/2023\/05\/WhatsApp-Image-2023-05-29-at-15.56.07-768x576.jpeg 768w, https:\/\/felipetonet.com\/novo_site\/wp-content\/uploads\/2023\/05\/WhatsApp-Image-2023-05-29-at-15.56.07-1536x1152.jpeg 1536w, https:\/\/felipetonet.com\/novo_site\/wp-content\/uploads\/2023\/05\/WhatsApp-Image-2023-05-29-at-15.56.07.jpeg 1600w\" sizes=\"auto, (max-width: 800px) 100vw, 800px\" \/>\t\t\t\t\t\t\t\t\t\t\t<\/div>\n\t\t\t\t<\/div>\n\t\t\t\t<\/div>\n\t\t\t\t\t<\/div>\n\t\t<\/div>\n\t\t\t\t\t\t\t<\/div>\n\t\t<\/section>\n\t\t\t\t<section class=\"elementor-section elementor-top-section elementor-element elementor-element-735e2bb elementor-hidden-desktop elementor-hidden-tablet elementor-section-boxed elementor-section-height-default elementor-section-height-default\" data-id=\"735e2bb\" data-element_type=\"section\" data-settings=\"{&quot;background_background&quot;:&quot;classic&quot;}\">\n\t\t\t\t\t\t<div class=\"elementor-container elementor-column-gap-default\">\n\t\t\t\t\t<div class=\"elementor-column elementor-col-100 elementor-top-column elementor-element elementor-element-58ae47d\" data-id=\"58ae47d\" data-element_type=\"column\">\n\t\t\t<div class=\"elementor-widget-wrap elementor-element-populated\">\n\t\t\t\t\t\t\t\t<div class=\"elementor-element elementor-element-68b77b4 elementor-widget elementor-widget-heading\" data-id=\"68b77b4\" data-element_type=\"widget\" data-widget_type=\"heading.default\">\n\t\t\t\t<div class=\"elementor-widget-container\">\n\t\t\t<h2 class=\"elementor-heading-title elementor-size-default\">Palestras e Cursos<\/h2>\t\t<\/div>\n\t\t\t\t<\/div>\n\t\t\t\t<div class=\"elementor-element elementor-element-802a825 elementor-widget elementor-widget-text-editor\" data-id=\"802a825\" data-element_type=\"widget\" data-widget_type=\"text-editor.default\">\n\t\t\t\t<div class=\"elementor-widget-container\">\n\t\t\t\t\t<div class=\"elementor-text-editor elementor-clearfix\"><p>Impulsione sua presen\u00e7a e influ\u00eancia digital. Desenvolveremos seu Planejamento de Comunica\u00e7\u00e3o Digital, com uma abordagem estrat\u00e9gica completa e voltada para as necessidades do cliente.<\/p><p>Criaremos uma linha editorial estrat\u00e9gica e envolvente, o cronograma de postagens otimizado e o desenvolveremos conte\u00fados cativantes em texto, imagens e v\u00eddeos.<\/p><p>Tamb\u00e9m cuidaremos das demais etapas do processo, como publica\u00e7\u00e3o, intera\u00e7\u00e3o ativa com os coment\u00e1rios, fortalecendo o engajamento e a cria\u00e7\u00e3o de uma estrat\u00e9gia inteligente de tr\u00e1fego pago, garantindo que seu conte\u00fado alcance um p\u00fablico ainda maior e mais relevante.<\/p><\/div>\n\t\t\t\t<\/div>\n\t\t\t\t<\/div>\n\t\t\t\t<div class=\"elementor-element elementor-element-26f7e6e elementor-align-left elementor-widget elementor-widget-button\" data-id=\"26f7e6e\" data-element_type=\"widget\" data-widget_type=\"button.default\">\n\t\t\t\t<div class=\"elementor-widget-container\">\n\t\t\t\t\t<div class=\"elementor-button-wrapper\">\n\t\t\t<a href=\"https:\/\/felipetonet.com\/novo_site\/contato\/\" class=\"elementor-button-link elementor-button elementor-size-md\" role=\"button\">\n\t\t\t\t\t\t<span class=\"elementor-button-content-wrapper\">\n\t\t\t\t\t\t<span class=\"elementor-button-text\">ENTRE EM CONTATO<\/span>\n\t\t<\/span>\n\t\t\t\t\t<\/a>\n\t\t<\/div>\n\t\t\t\t<\/div>\n\t\t\t\t<\/div>\n\t\t\t\t\t<\/div>\n\t\t<\/div>\n\t\t\t\t\t\t\t<\/div>\n\t\t<\/section>\n\t\t\t\t\t\t<\/div>\n\t\t\t\t\t<\/div>\n\t\t","protected":false},"excerpt":{"rendered":"<p>Palestras e Cursos Impulsione sua presen\u00e7a e influ\u00eancia digital. Desenvolveremos seu Planejamento de Comunica\u00e7\u00e3o Digital, com uma abordagem estrat\u00e9gica completa e voltada para as necessidades do cliente. Criaremos uma linha editorial estrat\u00e9gica e envolvente, o cronograma de postagens otimizado e o desenvolveremos conte\u00fados cativantes em texto, imagens e v\u00eddeos. Tamb\u00e9m cuidaremos das demais etapas do [&hellip;]<\/p>\n","protected":false},"author":1,"featured_media":0,"parent":0,"menu_order":0,"comment_status":"closed","ping_status":"closed","template":"template\/homepage-template.php","meta":{"footnotes":""},"class_list":["post-2817","page","type-page","status-publish","hentry"],"_links":{"self":[{"href":"https:\/\/felipetonet.com\/novo_site\/wp-json\/wp\/v2\/pages\/2817","targetHints":{"allow":["GET"]}}],"collection":[{"href":"https:\/\/felipetonet.com\/novo_site\/wp-json\/wp\/v2\/pages"}],"about":[{"href":"https:\/\/felipetonet.com\/novo_site\/wp-json\/wp\/v2\/types\/page"}],"author":[{"embeddable":true,"href":"https:\/\/felipetonet.com\/novo_site\/wp-json\/wp\/v2\/users\/1"}],"replies":[{"embeddable":true,"href":"https:\/\/felipetonet.com\/novo_site\/wp-json\/wp\/v2\/comments?post=2817"}],"version-history":[{"count":13,"href":"https:\/\/felipetonet.com\/novo_site\/wp-json\/wp\/v2\/pages\/2817\/revisions"}],"predecessor-version":[{"id":3292,"href":"https:\/\/felipetonet.com\/novo_site\/wp-json\/wp\/v2\/pages\/2817\/revisions\/3292"}],"wp:attachment":[{"href":"https:\/\/felipetonet.com\/novo_site\/wp-json\/wp\/v2\/media?parent=2817"}],"curies":[{"name":"wp","href":"https:\/\/api.w.org\/{rel}","templated":true}]}}