{"id":2823,"date":"2025-03-11T21:31:14","date_gmt":"2025-03-11T21:31:14","guid":{"rendered":"https:\/\/felipetonet.com\/novo_site\/?page_id=2823"},"modified":"2025-04-22T19:43:05","modified_gmt":"2025-04-22T19:43:05","slug":"servicos-gestao-de-crise","status":"publish","type":"page","link":"https:\/\/felipetonet.com\/novo_site\/servicos-gestao-de-crise\/","title":{"rendered":"Servi\u00e7os | Gest\u00e3o de Crise"},"content":{"rendered":"\t\t<div data-elementor-type=\"wp-page\" data-elementor-id=\"2823\" class=\"elementor elementor-2823\" data-elementor-settings=\"[]\">\n\t\t\t\t\t\t\t<div class=\"elementor-section-wrap\">\n\t\t\t\t\t\t\t<section class=\"elementor-section elementor-top-section elementor-element elementor-element-05d8b8a elementor-hidden-phone elementor-section-boxed elementor-section-height-default elementor-section-height-default\" data-id=\"05d8b8a\" data-element_type=\"section\" data-settings=\"{&quot;background_background&quot;:&quot;classic&quot;}\">\n\t\t\t\t\t\t<div class=\"elementor-container elementor-column-gap-default\">\n\t\t\t\t\t<div class=\"elementor-column elementor-col-50 elementor-top-column elementor-element elementor-element-571d872\" data-id=\"571d872\" data-element_type=\"column\">\n\t\t\t<div class=\"elementor-widget-wrap elementor-element-populated\">\n\t\t\t\t\t\t\t\t<div class=\"elementor-element elementor-element-a8f251f elementor-widget elementor-widget-heading\" data-id=\"a8f251f\" data-element_type=\"widget\" data-widget_type=\"heading.default\">\n\t\t\t\t<div class=\"elementor-widget-container\">\n\t\t\t<h2 class=\"elementor-heading-title elementor-size-default\">Gest\u00e3o de Crise<\/h2>\t\t<\/div>\n\t\t\t\t<\/div>\n\t\t\t\t<div class=\"elementor-element elementor-element-a811f2a elementor-widget elementor-widget-text-editor\" data-id=\"a811f2a\" data-element_type=\"widget\" data-widget_type=\"text-editor.default\">\n\t\t\t\t<div class=\"elementor-widget-container\">\n\t\t\t\t\t<div class=\"elementor-text-editor elementor-clearfix\"><p>Com anos de experi\u00eancia em comunica\u00e7\u00e3o e marketing pol\u00edtico, combinamos a compreens\u00e3o profunda do ambiente pol\u00edtico com estrat\u00e9gias e t\u00e1ticas voltadas para transformar adversidades em oportunidades de crescimento.<\/p><p>O servi\u00e7o de gest\u00e3o de crises pol\u00edticas \u00e9 projetado para ajud\u00e1-lo a enfrentar desafios inesperados de forma estrat\u00e9gica, resiliente e eficaz. Nossa abordagem personalizada permitir\u00e1 que voc\u00ea aproveite oportunidades ocultas mesmo nas situa\u00e7\u00f5es mais desafiadoras.<\/p><\/div>\n\t\t\t\t<\/div>\n\t\t\t\t<\/div>\n\t\t\t\t<div class=\"elementor-element elementor-element-f66981e elementor-align-left elementor-widget elementor-widget-button\" data-id=\"f66981e\" data-element_type=\"widget\" data-widget_type=\"button.default\">\n\t\t\t\t<div class=\"elementor-widget-container\">\n\t\t\t\t\t<div class=\"elementor-button-wrapper\">\n\t\t\t<a href=\"https:\/\/felipetonet.com\/novo_site\/contato\/\" class=\"elementor-button-link elementor-button elementor-size-lg\" role=\"button\">\n\t\t\t\t\t\t<span class=\"elementor-button-content-wrapper\">\n\t\t\t\t\t\t<span class=\"elementor-button-text\">ENTRE EM CONTATO<\/span>\n\t\t<\/span>\n\t\t\t\t\t<\/a>\n\t\t<\/div>\n\t\t\t\t<\/div>\n\t\t\t\t<\/div>\n\t\t\t\t\t<\/div>\n\t\t<\/div>\n\t\t\t\t<div class=\"elementor-column elementor-col-50 elementor-top-column elementor-element elementor-element-af7685e\" data-id=\"af7685e\" data-element_type=\"column\">\n\t\t\t<div class=\"elementor-widget-wrap elementor-element-populated\">\n\t\t\t\t\t\t\t\t<div class=\"elementor-element elementor-element-9c97e98 elementor-widget elementor-widget-image\" data-id=\"9c97e98\" data-element_type=\"widget\" data-widget_type=\"image.default\">\n\t\t\t\t<div class=\"elementor-widget-container\">\n\t\t\t\t\t<div class=\"elementor-image\">\n\t\t\t\t\t\t\t\t\t\t<img loading=\"lazy\" decoding=\"async\" width=\"800\" height=\"450\" src=\"https:\/\/felipetonet.com\/novo_site\/wp-content\/uploads\/2025\/04\/crise.jpg\" class=\"attachment-large size-large\" alt=\"\" srcset=\"https:\/\/felipetonet.com\/novo_site\/wp-content\/uploads\/2025\/04\/crise.jpg 1000w, https:\/\/felipetonet.com\/novo_site\/wp-content\/uploads\/2025\/04\/crise-300x169.jpg 300w, https:\/\/felipetonet.com\/novo_site\/wp-content\/uploads\/2025\/04\/crise-768x432.jpg 768w\" sizes=\"auto, (max-width: 800px) 100vw, 800px\" \/>\t\t\t\t\t\t\t\t\t\t\t<\/div>\n\t\t\t\t<\/div>\n\t\t\t\t<\/div>\n\t\t\t\t\t<\/div>\n\t\t<\/div>\n\t\t\t\t\t\t\t<\/div>\n\t\t<\/section>\n\t\t\t\t<section class=\"elementor-section elementor-top-section elementor-element elementor-element-3b64d75 elementor-hidden-desktop elementor-hidden-tablet elementor-section-boxed elementor-section-height-default elementor-section-height-default\" data-id=\"3b64d75\" data-element_type=\"section\" data-settings=\"{&quot;background_background&quot;:&quot;classic&quot;}\">\n\t\t\t\t\t\t<div class=\"elementor-container elementor-column-gap-default\">\n\t\t\t\t\t<div class=\"elementor-column elementor-col-100 elementor-top-column elementor-element elementor-element-d31fa99\" data-id=\"d31fa99\" data-element_type=\"column\">\n\t\t\t<div class=\"elementor-widget-wrap elementor-element-populated\">\n\t\t\t\t\t\t\t\t<div class=\"elementor-element elementor-element-28266b8 elementor-widget elementor-widget-heading\" data-id=\"28266b8\" data-element_type=\"widget\" data-widget_type=\"heading.default\">\n\t\t\t\t<div class=\"elementor-widget-container\">\n\t\t\t<h2 class=\"elementor-heading-title elementor-size-default\">Gest\u00e3o de Crise<\/h2>\t\t<\/div>\n\t\t\t\t<\/div>\n\t\t\t\t<div class=\"elementor-element elementor-element-d12ebe5 elementor-widget elementor-widget-text-editor\" data-id=\"d12ebe5\" data-element_type=\"widget\" data-widget_type=\"text-editor.default\">\n\t\t\t\t<div class=\"elementor-widget-container\">\n\t\t\t\t\t<div class=\"elementor-text-editor elementor-clearfix\"><div class=\"wp-block-group is-vertical is-layout-flex wp-container-core-group-is-layout-1 wp-block-group-is-layout-flex\"><p>Com anos de experi\u00eancia em comunica\u00e7\u00e3o e marketing pol\u00edtico, combinamos a compreens\u00e3o profunda do ambiente pol\u00edtico com estrat\u00e9gias e t\u00e1ticas voltadas para transformar adversidades em oportunidades de crescimento.<\/p><p>O servi\u00e7o de gest\u00e3o de crises pol\u00edticas \u00e9 projetado para ajud\u00e1-lo a enfrentar desafios inesperados de forma estrat\u00e9gica, resiliente e eficaz. Nossa abordagem personalizada permitir\u00e1 que voc\u00ea aproveite oportunidades ocultas mesmo nas situa\u00e7\u00f5es mais desafiadoras.<\/p><\/div><\/div>\n\t\t\t\t<\/div>\n\t\t\t\t<\/div>\n\t\t\t\t<div class=\"elementor-element elementor-element-7048071 elementor-align-left elementor-widget elementor-widget-button\" data-id=\"7048071\" data-element_type=\"widget\" data-widget_type=\"button.default\">\n\t\t\t\t<div class=\"elementor-widget-container\">\n\t\t\t\t\t<div class=\"elementor-button-wrapper\">\n\t\t\t<a href=\"https:\/\/felipetonet.com\/novo_site\/contato\/\" class=\"elementor-button-link elementor-button elementor-size-md\" role=\"button\">\n\t\t\t\t\t\t<span class=\"elementor-button-content-wrapper\">\n\t\t\t\t\t\t<span class=\"elementor-button-text\">ENTRE EM CONTATO<\/span>\n\t\t<\/span>\n\t\t\t\t\t<\/a>\n\t\t<\/div>\n\t\t\t\t<\/div>\n\t\t\t\t<\/div>\n\t\t\t\t\t<\/div>\n\t\t<\/div>\n\t\t\t\t\t\t\t<\/div>\n\t\t<\/section>\n\t\t\t\t\t\t<\/div>\n\t\t\t\t\t<\/div>\n\t\t","protected":false},"excerpt":{"rendered":"<p>Gest\u00e3o de Crise Com anos de experi\u00eancia em comunica\u00e7\u00e3o e marketing pol\u00edtico, combinamos a compreens\u00e3o profunda do ambiente pol\u00edtico com estrat\u00e9gias e t\u00e1ticas voltadas para transformar adversidades em oportunidades de crescimento. O servi\u00e7o de gest\u00e3o de crises pol\u00edticas \u00e9 projetado para ajud\u00e1-lo a enfrentar desafios inesperados de forma estrat\u00e9gica, resiliente e eficaz. Nossa abordagem personalizada [&hellip;]<\/p>\n","protected":false},"author":1,"featured_media":0,"parent":0,"menu_order":0,"comment_status":"closed","ping_status":"closed","template":"template\/homepage-template.php","meta":{"footnotes":""},"class_list":["post-2823","page","type-page","status-publish","hentry"],"_links":{"self":[{"href":"https:\/\/felipetonet.com\/novo_site\/wp-json\/wp\/v2\/pages\/2823","targetHints":{"allow":["GET"]}}],"collection":[{"href":"https:\/\/felipetonet.com\/novo_site\/wp-json\/wp\/v2\/pages"}],"about":[{"href":"https:\/\/felipetonet.com\/novo_site\/wp-json\/wp\/v2\/types\/page"}],"author":[{"embeddable":true,"href":"https:\/\/felipetonet.com\/novo_site\/wp-json\/wp\/v2\/users\/1"}],"replies":[{"embeddable":true,"href":"https:\/\/felipetonet.com\/novo_site\/wp-json\/wp\/v2\/comments?post=2823"}],"version-history":[{"count":19,"href":"https:\/\/felipetonet.com\/novo_site\/wp-json\/wp\/v2\/pages\/2823\/revisions"}],"predecessor-version":[{"id":3301,"href":"https:\/\/felipetonet.com\/novo_site\/wp-json\/wp\/v2\/pages\/2823\/revisions\/3301"}],"wp:attachment":[{"href":"https:\/\/felipetonet.com\/novo_site\/wp-json\/wp\/v2\/media?parent=2823"}],"curies":[{"name":"wp","href":"https:\/\/api.w.org\/{rel}","templated":true}]}}