{"id":2834,"date":"2025-03-11T21:33:18","date_gmt":"2025-03-11T21:33:18","guid":{"rendered":"https:\/\/felipetonet.com\/novo_site\/?page_id=2834"},"modified":"2025-04-22T19:42:48","modified_gmt":"2025-04-22T19:42:48","slug":"servicos-pacote-comunicacao-pre-campanha","status":"publish","type":"page","link":"https:\/\/felipetonet.com\/novo_site\/servicos-pacote-comunicacao-pre-campanha\/","title":{"rendered":"Servi\u00e7os | Pacote Comunica\u00e7\u00e3o Pr\u00e9-Campanha"},"content":{"rendered":"\t\t<div data-elementor-type=\"wp-page\" data-elementor-id=\"2834\" class=\"elementor elementor-2834\" data-elementor-settings=\"[]\">\n\t\t\t\t\t\t\t<div class=\"elementor-section-wrap\">\n\t\t\t\t\t\t\t<section class=\"elementor-section elementor-top-section elementor-element elementor-element-08e3f83 elementor-hidden-phone elementor-section-boxed elementor-section-height-default elementor-section-height-default\" data-id=\"08e3f83\" data-element_type=\"section\" data-settings=\"{&quot;background_background&quot;:&quot;classic&quot;}\">\n\t\t\t\t\t\t<div class=\"elementor-container elementor-column-gap-default\">\n\t\t\t\t\t<div class=\"elementor-column elementor-col-50 elementor-top-column elementor-element elementor-element-f786202\" data-id=\"f786202\" data-element_type=\"column\">\n\t\t\t<div class=\"elementor-widget-wrap elementor-element-populated\">\n\t\t\t\t\t\t\t\t<div class=\"elementor-element elementor-element-9cdb80c elementor-widget elementor-widget-heading\" data-id=\"9cdb80c\" data-element_type=\"widget\" data-widget_type=\"heading.default\">\n\t\t\t\t<div class=\"elementor-widget-container\">\n\t\t\t<h2 class=\"elementor-heading-title elementor-size-default\">Pacote Comunica\u00e7\u00e3o Pr\u00e9-Campanha<\/h2>\t\t<\/div>\n\t\t\t\t<\/div>\n\t\t\t\t<div class=\"elementor-element elementor-element-d0110f7 elementor-widget elementor-widget-text-editor\" data-id=\"d0110f7\" data-element_type=\"widget\" data-widget_type=\"text-editor.default\">\n\t\t\t\t<div class=\"elementor-widget-container\">\n\t\t\t\t\t<div class=\"elementor-text-editor elementor-clearfix\"><div class=\"wp-block-group is-vertical is-layout-flex wp-container-core-group-is-layout-1 wp-block-group-is-layout-flex\"><p>A pr\u00e9-campanha \u00e9 um per\u00edodo fundamental para preparar o terreno para a campanha eleitoral, analisar os cen\u00e1rios e elaborar estrat\u00e9gias de comunica\u00e7\u00e3o e mobiliza\u00e7\u00e3o para consolidar a imagem do futuro candidato.<\/p><\/div><p>Oferecemos um pacote completo voltado para pr\u00e9-candidatos que visam a reelei\u00e7\u00e3o ou um primeiro mandato e buscam divulgar sua imagem, propostas, ideias e realiza\u00e7\u00f5es para viabilizar sua futura candidatura.<\/p><\/div>\n\t\t\t\t<\/div>\n\t\t\t\t<\/div>\n\t\t\t\t<div class=\"elementor-element elementor-element-f9a28d6 elementor-align-left elementor-widget elementor-widget-button\" data-id=\"f9a28d6\" data-element_type=\"widget\" data-widget_type=\"button.default\">\n\t\t\t\t<div class=\"elementor-widget-container\">\n\t\t\t\t\t<div class=\"elementor-button-wrapper\">\n\t\t\t<a href=\"https:\/\/felipetonet.com\/novo_site\/contato\/\" class=\"elementor-button-link elementor-button elementor-size-lg\" role=\"button\">\n\t\t\t\t\t\t<span class=\"elementor-button-content-wrapper\">\n\t\t\t\t\t\t<span class=\"elementor-button-text\">ENTRE EM CONTATO<\/span>\n\t\t<\/span>\n\t\t\t\t\t<\/a>\n\t\t<\/div>\n\t\t\t\t<\/div>\n\t\t\t\t<\/div>\n\t\t\t\t\t<\/div>\n\t\t<\/div>\n\t\t\t\t<div class=\"elementor-column elementor-col-50 elementor-top-column elementor-element elementor-element-b5cd473\" data-id=\"b5cd473\" data-element_type=\"column\">\n\t\t\t<div class=\"elementor-widget-wrap elementor-element-populated\">\n\t\t\t\t\t\t\t\t<div class=\"elementor-element elementor-element-aa1ee3c elementor-widget elementor-widget-image\" data-id=\"aa1ee3c\" data-element_type=\"widget\" data-widget_type=\"image.default\">\n\t\t\t\t<div class=\"elementor-widget-container\">\n\t\t\t\t\t<div class=\"elementor-image\">\n\t\t\t\t\t\t\t\t\t\t<img loading=\"lazy\" decoding=\"async\" width=\"850\" height=\"560\" src=\"https:\/\/felipetonet.com\/novo_site\/wp-content\/uploads\/2025\/04\/pre-campanha-min-850x560.png\" class=\"attachment-post-thumbnail size-post-thumbnail\" alt=\"\" srcset=\"https:\/\/felipetonet.com\/novo_site\/wp-content\/uploads\/2025\/04\/pre-campanha-min-850x560.png 850w, https:\/\/felipetonet.com\/novo_site\/wp-content\/uploads\/2025\/04\/pre-campanha-min-455x300.png 455w\" sizes=\"auto, (max-width: 850px) 100vw, 850px\" \/>\t\t\t\t\t\t\t\t\t\t\t<\/div>\n\t\t\t\t<\/div>\n\t\t\t\t<\/div>\n\t\t\t\t\t<\/div>\n\t\t<\/div>\n\t\t\t\t\t\t\t<\/div>\n\t\t<\/section>\n\t\t\t\t<section class=\"elementor-section elementor-top-section elementor-element elementor-element-78405ac elementor-hidden-desktop elementor-hidden-tablet elementor-section-boxed elementor-section-height-default elementor-section-height-default\" data-id=\"78405ac\" data-element_type=\"section\" data-settings=\"{&quot;background_background&quot;:&quot;classic&quot;}\">\n\t\t\t\t\t\t<div class=\"elementor-container elementor-column-gap-default\">\n\t\t\t\t\t<div class=\"elementor-column elementor-col-100 elementor-top-column elementor-element elementor-element-2a61e00\" data-id=\"2a61e00\" data-element_type=\"column\">\n\t\t\t<div class=\"elementor-widget-wrap elementor-element-populated\">\n\t\t\t\t\t\t\t\t<div class=\"elementor-element elementor-element-67105a4 elementor-widget elementor-widget-heading\" data-id=\"67105a4\" data-element_type=\"widget\" data-widget_type=\"heading.default\">\n\t\t\t\t<div class=\"elementor-widget-container\">\n\t\t\t<h2 class=\"elementor-heading-title elementor-size-default\">Pacote Comunica\u00e7\u00e3o Pr\u00e9-Campanha<\/h2>\t\t<\/div>\n\t\t\t\t<\/div>\n\t\t\t\t<div class=\"elementor-element elementor-element-6507dff elementor-widget elementor-widget-text-editor\" data-id=\"6507dff\" data-element_type=\"widget\" data-widget_type=\"text-editor.default\">\n\t\t\t\t<div class=\"elementor-widget-container\">\n\t\t\t\t\t<div class=\"elementor-text-editor elementor-clearfix\"><div class=\"wp-block-group is-vertical is-layout-flex wp-container-core-group-is-layout-1 wp-block-group-is-layout-flex\"><p>A pr\u00e9-campanha \u00e9 um per\u00edodo fundamental para preparar o terreno para a campanha eleitoral, analisar os cen\u00e1rios e elaborar estrat\u00e9gias de comunica\u00e7\u00e3o e mobiliza\u00e7\u00e3o para consolidar a imagem do futuro candidato.<\/p><\/div><p>Oferecemos um pacote completo voltado para pr\u00e9-candidatos que visam a reelei\u00e7\u00e3o ou um primeiro mandato e buscam divulgar sua imagem, propostas, ideias e realiza\u00e7\u00f5es para viabilizar sua futura candidatura.<\/p><\/div>\n\t\t\t\t<\/div>\n\t\t\t\t<\/div>\n\t\t\t\t<div class=\"elementor-element elementor-element-cccaf9f elementor-align-left elementor-widget elementor-widget-button\" data-id=\"cccaf9f\" data-element_type=\"widget\" data-widget_type=\"button.default\">\n\t\t\t\t<div class=\"elementor-widget-container\">\n\t\t\t\t\t<div class=\"elementor-button-wrapper\">\n\t\t\t<a href=\"https:\/\/felipetonet.com\/novo_site\/contato\/\" class=\"elementor-button-link elementor-button elementor-size-md\" role=\"button\">\n\t\t\t\t\t\t<span class=\"elementor-button-content-wrapper\">\n\t\t\t\t\t\t<span class=\"elementor-button-text\">ENTRE EM CONTATO<\/span>\n\t\t<\/span>\n\t\t\t\t\t<\/a>\n\t\t<\/div>\n\t\t\t\t<\/div>\n\t\t\t\t<\/div>\n\t\t\t\t\t<\/div>\n\t\t<\/div>\n\t\t\t\t\t\t\t<\/div>\n\t\t<\/section>\n\t\t\t\t\t\t<\/div>\n\t\t\t\t\t<\/div>\n\t\t","protected":false},"excerpt":{"rendered":"<p>Pacote Comunica\u00e7\u00e3o Pr\u00e9-Campanha A pr\u00e9-campanha \u00e9 um per\u00edodo fundamental para preparar o terreno para a campanha eleitoral, analisar os cen\u00e1rios e elaborar estrat\u00e9gias de comunica\u00e7\u00e3o e mobiliza\u00e7\u00e3o para consolidar a imagem do futuro candidato. Oferecemos um pacote completo voltado para pr\u00e9-candidatos que visam a reelei\u00e7\u00e3o ou um primeiro mandato e buscam divulgar sua imagem, propostas, [&hellip;]<\/p>\n","protected":false},"author":1,"featured_media":0,"parent":0,"menu_order":0,"comment_status":"closed","ping_status":"closed","template":"template\/homepage-template.php","meta":{"footnotes":""},"class_list":["post-2834","page","type-page","status-publish","hentry"],"_links":{"self":[{"href":"https:\/\/felipetonet.com\/novo_site\/wp-json\/wp\/v2\/pages\/2834","targetHints":{"allow":["GET"]}}],"collection":[{"href":"https:\/\/felipetonet.com\/novo_site\/wp-json\/wp\/v2\/pages"}],"about":[{"href":"https:\/\/felipetonet.com\/novo_site\/wp-json\/wp\/v2\/types\/page"}],"author":[{"embeddable":true,"href":"https:\/\/felipetonet.com\/novo_site\/wp-json\/wp\/v2\/users\/1"}],"replies":[{"embeddable":true,"href":"https:\/\/felipetonet.com\/novo_site\/wp-json\/wp\/v2\/comments?post=2834"}],"version-history":[{"count":22,"href":"https:\/\/felipetonet.com\/novo_site\/wp-json\/wp\/v2\/pages\/2834\/revisions"}],"predecessor-version":[{"id":3298,"href":"https:\/\/felipetonet.com\/novo_site\/wp-json\/wp\/v2\/pages\/2834\/revisions\/3298"}],"wp:attachment":[{"href":"https:\/\/felipetonet.com\/novo_site\/wp-json\/wp\/v2\/media?parent=2834"}],"curies":[{"name":"wp","href":"https:\/\/api.w.org\/{rel}","templated":true}]}}