{"id":3147,"date":"2025-04-01T18:08:52","date_gmt":"2025-04-01T18:08:52","guid":{"rendered":"https:\/\/felipetonet.com\/novo_site\/?page_id=3147"},"modified":"2025-04-22T19:42:29","modified_gmt":"2025-04-22T19:42:29","slug":"servicos-mentoria-digital","status":"publish","type":"page","link":"https:\/\/felipetonet.com\/novo_site\/servicos-mentoria-digital\/","title":{"rendered":"Servi\u00e7os | Mentoria Digital"},"content":{"rendered":"\t\t<div data-elementor-type=\"wp-page\" data-elementor-id=\"3147\" class=\"elementor elementor-3147\" data-elementor-settings=\"[]\">\n\t\t\t\t\t\t\t<div class=\"elementor-section-wrap\">\n\t\t\t\t\t\t\t<section class=\"elementor-section elementor-top-section elementor-element elementor-element-d6dd9e2 elementor-hidden-phone elementor-section-boxed elementor-section-height-default elementor-section-height-default\" data-id=\"d6dd9e2\" data-element_type=\"section\" data-settings=\"{&quot;background_background&quot;:&quot;classic&quot;}\">\n\t\t\t\t\t\t<div class=\"elementor-container elementor-column-gap-default\">\n\t\t\t\t\t<div class=\"elementor-column elementor-col-50 elementor-top-column elementor-element elementor-element-6890ac2\" data-id=\"6890ac2\" data-element_type=\"column\">\n\t\t\t<div class=\"elementor-widget-wrap elementor-element-populated\">\n\t\t\t\t\t\t\t\t<div class=\"elementor-element elementor-element-5a84b5c elementor-widget elementor-widget-heading\" data-id=\"5a84b5c\" data-element_type=\"widget\" data-widget_type=\"heading.default\">\n\t\t\t\t<div class=\"elementor-widget-container\">\n\t\t\t<h2 class=\"elementor-heading-title elementor-size-default\">Mentoria Digital<\/h2>\t\t<\/div>\n\t\t\t\t<\/div>\n\t\t\t\t<div class=\"elementor-element elementor-element-42a2bae elementor-widget elementor-widget-text-editor\" data-id=\"42a2bae\" data-element_type=\"widget\" data-widget_type=\"text-editor.default\">\n\t\t\t\t<div class=\"elementor-widget-container\">\n\t\t\t\t\t<div class=\"elementor-text-editor elementor-clearfix\"><p>Acelere seu sucesso pol\u00edtico com nossa Mentoria Digital exclusiva. Durante tr\u00eas meses intensivos, oferecemos um plano personalizado, estrat\u00e9gias altamente eficazes e um olhar experiente para impulsionar sua campanha.<\/p><p>Como pr\u00e9-candidato, voc\u00ea receber\u00e1 um aux\u00edlio especializado, desde a defini\u00e7\u00e3o da mensagem-chave at\u00e9 a cria\u00e7\u00e3o de estrat\u00e9gias de comunica\u00e7\u00e3o vencedoras. Vamos desenvolver juntos seu discurso eleitoral, estabelecer um calend\u00e1rio de conte\u00fado envolvente e explorar t\u00e1ticas avan\u00e7adas de financiamento eleitoral e mobiliza\u00e7\u00e3o de eleitores.<\/p><\/div>\n\t\t\t\t<\/div>\n\t\t\t\t<\/div>\n\t\t\t\t<div class=\"elementor-element elementor-element-3ed47c4 elementor-align-left elementor-widget elementor-widget-button\" data-id=\"3ed47c4\" data-element_type=\"widget\" data-widget_type=\"button.default\">\n\t\t\t\t<div class=\"elementor-widget-container\">\n\t\t\t\t\t<div class=\"elementor-button-wrapper\">\n\t\t\t<a href=\"https:\/\/felipetonet.com\/novo_site\/contato\/\" class=\"elementor-button-link elementor-button elementor-size-lg\" role=\"button\">\n\t\t\t\t\t\t<span class=\"elementor-button-content-wrapper\">\n\t\t\t\t\t\t<span class=\"elementor-button-text\">ENTRE EM CONTATO<\/span>\n\t\t<\/span>\n\t\t\t\t\t<\/a>\n\t\t<\/div>\n\t\t\t\t<\/div>\n\t\t\t\t<\/div>\n\t\t\t\t\t<\/div>\n\t\t<\/div>\n\t\t\t\t<div class=\"elementor-column elementor-col-50 elementor-top-column elementor-element elementor-element-403e547\" data-id=\"403e547\" data-element_type=\"column\">\n\t\t\t<div class=\"elementor-widget-wrap elementor-element-populated\">\n\t\t\t\t\t\t\t\t<div class=\"elementor-element elementor-element-5c59da4 elementor-widget elementor-widget-image\" data-id=\"5c59da4\" data-element_type=\"widget\" data-widget_type=\"image.default\">\n\t\t\t\t<div class=\"elementor-widget-container\">\n\t\t\t\t\t<div class=\"elementor-image\">\n\t\t\t\t\t\t\t\t\t\t<img loading=\"lazy\" decoding=\"async\" width=\"800\" height=\"534\" src=\"https:\/\/felipetonet.com\/novo_site\/wp-content\/uploads\/2025\/04\/mentoria-digital.jpg\" class=\"attachment-large size-large\" alt=\"\" srcset=\"https:\/\/felipetonet.com\/novo_site\/wp-content\/uploads\/2025\/04\/mentoria-digital.jpg 1000w, https:\/\/felipetonet.com\/novo_site\/wp-content\/uploads\/2025\/04\/mentoria-digital-300x200.jpg 300w, https:\/\/felipetonet.com\/novo_site\/wp-content\/uploads\/2025\/04\/mentoria-digital-768x512.jpg 768w\" sizes=\"auto, (max-width: 800px) 100vw, 800px\" \/>\t\t\t\t\t\t\t\t\t\t\t<\/div>\n\t\t\t\t<\/div>\n\t\t\t\t<\/div>\n\t\t\t\t\t<\/div>\n\t\t<\/div>\n\t\t\t\t\t\t\t<\/div>\n\t\t<\/section>\n\t\t\t\t<section class=\"elementor-section elementor-top-section elementor-element elementor-element-0437eee elementor-hidden-desktop elementor-hidden-tablet elementor-section-boxed elementor-section-height-default elementor-section-height-default\" data-id=\"0437eee\" data-element_type=\"section\">\n\t\t\t\t\t\t<div class=\"elementor-container elementor-column-gap-default\">\n\t\t\t\t\t<div class=\"elementor-column elementor-col-100 elementor-top-column elementor-element elementor-element-c53046f\" data-id=\"c53046f\" data-element_type=\"column\">\n\t\t\t<div class=\"elementor-widget-wrap elementor-element-populated\">\n\t\t\t\t\t\t\t\t<div class=\"elementor-element elementor-element-4883079 elementor-widget elementor-widget-heading\" data-id=\"4883079\" data-element_type=\"widget\" data-widget_type=\"heading.default\">\n\t\t\t\t<div class=\"elementor-widget-container\">\n\t\t\t<h2 class=\"elementor-heading-title elementor-size-default\">Mentoria Digital<\/h2>\t\t<\/div>\n\t\t\t\t<\/div>\n\t\t\t\t<div class=\"elementor-element elementor-element-925b8b5 elementor-widget elementor-widget-text-editor\" data-id=\"925b8b5\" data-element_type=\"widget\" data-widget_type=\"text-editor.default\">\n\t\t\t\t<div class=\"elementor-widget-container\">\n\t\t\t\t\t<div class=\"elementor-text-editor elementor-clearfix\"><p>Acelere seu sucesso pol\u00edtico com nossa Mentoria Digital exclusiva. Durante tr\u00eas meses intensivos, oferecemos um plano personalizado, estrat\u00e9gias altamente eficazes e um olhar experiente para impulsionar sua campanha.<\/p><p>Como pr\u00e9-candidato, voc\u00ea receber\u00e1 um aux\u00edlio especializado, desde a defini\u00e7\u00e3o da mensagem-chave at\u00e9 a cria\u00e7\u00e3o de estrat\u00e9gias de comunica\u00e7\u00e3o vencedoras. Vamos desenvolver juntos seu discurso eleitoral, estabelecer um calend\u00e1rio de conte\u00fado envolvente e explorar t\u00e1ticas avan\u00e7adas de financiamento eleitoral e mobiliza\u00e7\u00e3o de eleitores.<\/p><\/div>\n\t\t\t\t<\/div>\n\t\t\t\t<\/div>\n\t\t\t\t<div class=\"elementor-element elementor-element-f5ce4bf elementor-align-left elementor-widget elementor-widget-button\" data-id=\"f5ce4bf\" data-element_type=\"widget\" data-widget_type=\"button.default\">\n\t\t\t\t<div class=\"elementor-widget-container\">\n\t\t\t\t\t<div class=\"elementor-button-wrapper\">\n\t\t\t<a href=\"https:\/\/felipetonet.com\/novo_site\/contato\/\" class=\"elementor-button-link elementor-button elementor-size-md\" role=\"button\">\n\t\t\t\t\t\t<span class=\"elementor-button-content-wrapper\">\n\t\t\t\t\t\t<span class=\"elementor-button-text\">ENTRE EM CONTATO<\/span>\n\t\t<\/span>\n\t\t\t\t\t<\/a>\n\t\t<\/div>\n\t\t\t\t<\/div>\n\t\t\t\t<\/div>\n\t\t\t\t\t<\/div>\n\t\t<\/div>\n\t\t\t\t\t\t\t<\/div>\n\t\t<\/section>\n\t\t\t\t\t\t<\/div>\n\t\t\t\t\t<\/div>\n\t\t","protected":false},"excerpt":{"rendered":"<p>Mentoria Digital Acelere seu sucesso pol\u00edtico com nossa Mentoria Digital exclusiva. Durante tr\u00eas meses intensivos, oferecemos um plano personalizado, estrat\u00e9gias altamente eficazes e um olhar experiente para impulsionar sua campanha. Como pr\u00e9-candidato, voc\u00ea receber\u00e1 um aux\u00edlio especializado, desde a defini\u00e7\u00e3o da mensagem-chave at\u00e9 a cria\u00e7\u00e3o de estrat\u00e9gias de comunica\u00e7\u00e3o vencedoras. Vamos desenvolver juntos seu discurso [&hellip;]<\/p>\n","protected":false},"author":1,"featured_media":0,"parent":0,"menu_order":0,"comment_status":"closed","ping_status":"closed","template":"elementor_header_footer","meta":{"footnotes":""},"class_list":["post-3147","page","type-page","status-publish","hentry"],"_links":{"self":[{"href":"https:\/\/felipetonet.com\/novo_site\/wp-json\/wp\/v2\/pages\/3147","targetHints":{"allow":["GET"]}}],"collection":[{"href":"https:\/\/felipetonet.com\/novo_site\/wp-json\/wp\/v2\/pages"}],"about":[{"href":"https:\/\/felipetonet.com\/novo_site\/wp-json\/wp\/v2\/types\/page"}],"author":[{"embeddable":true,"href":"https:\/\/felipetonet.com\/novo_site\/wp-json\/wp\/v2\/users\/1"}],"replies":[{"embeddable":true,"href":"https:\/\/felipetonet.com\/novo_site\/wp-json\/wp\/v2\/comments?post=3147"}],"version-history":[{"count":16,"href":"https:\/\/felipetonet.com\/novo_site\/wp-json\/wp\/v2\/pages\/3147\/revisions"}],"predecessor-version":[{"id":3295,"href":"https:\/\/felipetonet.com\/novo_site\/wp-json\/wp\/v2\/pages\/3147\/revisions\/3295"}],"wp:attachment":[{"href":"https:\/\/felipetonet.com\/novo_site\/wp-json\/wp\/v2\/media?parent=3147"}],"curies":[{"name":"wp","href":"https:\/\/api.w.org\/{rel}","templated":true}]}}